{"id":5767,"date":"2023-03-15T09:57:46","date_gmt":"2023-03-15T08:57:46","guid":{"rendered":"https:\/\/www.firad.com\/sala-de-testes\/"},"modified":"2023-03-15T09:57:46","modified_gmt":"2023-03-15T08:57:46","slug":"sala-de-testes","status":"publish","type":"page","link":"https:\/\/www.firad.com\/pt\/sala-de-testes\/","title":{"rendered":"Sala de testes"},"content":{"rendered":"<p>Um passo \u00e0 frente na tecnologia n\u00e3o \u00e9 apenas um slogan, mas nossa filosofia. Acreditamos que para poder atender com a melhor qualidade de nossos produtos, precisamos adquirir a melhor tecnologia. Por muitos anos a FIRAD sempre investiu nos melhores equipamentos de teste de diesel usados por nossos clientes, temos bancadas de teste de:<\/p>\n<ul>\n<li>Bosch<\/li>\n<li>Hartrdige<\/li>\n<li>Carbonzapp<\/li>\n<\/ul>\n<p>Atualmente em nossa sala de testes temos:<\/p>\n","protected":false},"excerpt":{"rendered":"<p>Um passo \u00e0 frente na tecnologia n\u00e3o \u00e9 apenas um slogan, mas nossa filosofia. Acreditamos que para poder atender com&#8230;<\/p>\n","protected":false},"author":3,"featured_media":5773,"parent":0,"menu_order":0,"comment_status":"closed","ping_status":"closed","template":"","meta":{"footnotes":""},"class_list":["post-5767","page","type-page","status-publish","has-post-thumbnail","hentry"],"_links":{"self":[{"href":"https:\/\/www.firad.com\/pt\/wp-json\/wp\/v2\/pages\/5767","targetHints":{"allow":["GET"]}}],"collection":[{"href":"https:\/\/www.firad.com\/pt\/wp-json\/wp\/v2\/pages"}],"about":[{"href":"https:\/\/www.firad.com\/pt\/wp-json\/wp\/v2\/types\/page"}],"author":[{"embeddable":true,"href":"https:\/\/www.firad.com\/pt\/wp-json\/wp\/v2\/users\/3"}],"replies":[{"embeddable":true,"href":"https:\/\/www.firad.com\/pt\/wp-json\/wp\/v2\/comments?post=5767"}],"version-history":[{"count":0,"href":"https:\/\/www.firad.com\/pt\/wp-json\/wp\/v2\/pages\/5767\/revisions"}],"wp:featuredmedia":[{"embeddable":true,"href":"https:\/\/www.firad.com\/pt\/wp-json\/wp\/v2\/media\/5773"}],"wp:attachment":[{"href":"https:\/\/www.firad.com\/pt\/wp-json\/wp\/v2\/media?parent=5767"}],"curies":[{"name":"wp","href":"https:\/\/api.w.org\/{rel}","templated":true}]}}