{"id":1553,"date":"2023-02-13T14:28:53","date_gmt":"2023-02-13T13:28:53","guid":{"rendered":"https:\/\/www.firad.com\/privacy-policy\/"},"modified":"2024-07-15T12:09:48","modified_gmt":"2024-07-15T10:09:48","slug":"privacy-policy","status":"publish","type":"page","link":"https:\/\/www.firad.com\/it\/privacy-policy\/","title":{"rendered":"Privacy Policy"},"content":{"rendered":"<p>F.I.R.A.D. S.p.A., in linea con il D.lgs. 196\/2003 (di seguito \u201cCodice Privacy\u201d) e il Regolamento (UE) 2016\/679 (di seguito \u201cGDPR\u201d), intende garantire la privacy e la sicurezza dei dati personali di ciascun visitatore coerentemente con quanto prescritto nella presente Informativa.<\/p>\n<h2>Chi siamo<\/h2>\n<p>F.I.R.A.D. S.p.A. \u00e8 il titolare del trattamento dei dati per questo sito. La sede si trova in via Barge 93 a Bagnolo Piemonte (CN). Puoi contattarci attraverso <a href=\"\/it\/contatti\/\">questo modulo<\/a>.<\/p>\n<h2>Quali dati personali raccogliamo e perch\u00e9<\/h2>\n<p>Raccogliamo una serie di dati personali relativi ai nostri clienti e agli utenti che visitano il nostro sito riconducibili alle categorie descritte nel seguito. La fruizione del sito non \u00e8 destinata ai minori di 16 anni e non raccogliamo scientemente i dati che li riguardano. Nel caso in cui riconosceremo di aver raccolto dati personali di utenti minori di 16 anni prenderemo le misure necessarie per eliminare tali informazioni quanto prima.<\/p>\n<h3 id=\"cookies\">Cookie<\/h3>\n<p>I cookie sono dei file che possono essere registrati sul disco rigido del tuo dispositivo. Questo permette una navigazione pi\u00f9 agevole e una maggiore facilit\u00e0 d&#8217;uso del sito stesso. I cookie possono essere usati per determinare se \u00e8 gi\u00e0 stata effettuata una connessione fra il tuo dispositivo e le nostre pagine.<\/p>\n<p>I cookie presenti su un sito web si dividono nelle seguenti categorie principali:<\/p>\n<ul>\n<li><strong>Cookie tecnici:<\/strong> sono i cookie che servono a effettuare la navigazione o a fornire un servizio richiesto dall&#8217;utente. Non vengono utilizzati per scopi ulteriori e sono normalmente installati direttamente dal titolare del sito web. Questi cookie non richiedono il consenso.<\/li>\n<li><strong>Cookie di profilazione:<\/strong> sono i cookie utilizzati per tracciare la navigazione dell&#8217;utente in rete e creare profili sui suoi gusti, abitudini, scelte, ecc. Con questi cookie possono essere trasmessi al terminale dell&#8217;utente messaggi pubblicitari in linea con le preferenze gi\u00e0 manifestate dallo stesso utente nella navigazione online.<\/li>\n<\/ul>\n<p>La maggior parte dei browser accetta cookie automaticamente. Puoi rifiutare o revocare l&#8217;autorizzazione in ogni momento selezionando i parametri corrispondenti nelle specifiche opzioni del browser in uso. Per avere ulteriori informazioni su come effettuare questa operazione puoi fare riferimento alle istruzioni del tuo browser:<\/p>\n<ul>\n<li><a href=\"https:\/\/support.google.com\/chrome\/answer\/95647?hl=it&amp;p=cpn_cookies\">Google Chrome<\/a><\/li>\n<li><a href=\"https:\/\/support.mozilla.org\/it\/kb\/Attivare%20e%20disattivare%20i%20cookie\">Mozilla Firefox<\/a><\/li>\n<li><a href=\"https:\/\/support.apple.com\/it-it\/HT201265\">Apple Safari<\/a><\/li>\n<li><a href=\"https:\/\/windows.microsoft.com\/it-it\/internet-explorer\/delete-manage-cookies#ie=ie-11\">Microsoft Internet Explorer<\/a><\/li>\n<li><a href=\"https:\/\/privacy.microsoft.com\/it-it\/windows-10-microsoft-edge-and-privacy\">Microsoft Edge<\/a><\/li>\n<\/ul>\n<p>La scelta di non far accettare cookie dal browser pu\u00f2 limitare le funzioni accessibili sul nostro sito.<\/p>\n<p>Questo sito utilizza i seguenti cookie:<\/p>\n<h4>Cookie di prima parte<\/h4>\n<p>Questo sito fa uso dei seguenti cookie tecnici al solo fine di erogare al meglio il servizio:<\/p>\n<ul><li><a href=\"https:\/\/developer.wordpress.org\/advanced-administration\/wordpress\/cookies\/\" target=\"_blank\">WordPress<\/a><\/li><li><a href=\"https:\/\/wpml.org\/documentation\/support\/browser-cookies-stored-wpml\/\" target=\"_blank\" rel=\"noopener noreferrer\">WPML<\/a><\/li><li>cookie_notice: serve a ricordare la scelta effettuata dall\u2019utente che accetta o meno l\u2019uso dei cookie su questo sito.<\/li><\/ul>\n<h4>Cookie di terze parti<\/h4>\n<p>Questo sito raccoglie informazioni, in forma aggregata, sul numero degli utenti e su come questi visitano il sito stesso, inoltre, per fornire un servizio migliore, utilizza oggetti incorporati per offrire pi\u00f9 funzionalit\u00e0. Per informazioni sulle finalit\u00e0, il tipo e le modalit\u00e0 di raccolta, elaborazione, utilizzo e conservazione dei dati personali da parte della terza parte, nonch\u00e9 per le modalit\u00e0 attraverso cui esercitare i propri diritti, si prega di consultare la politica privacy adottata dalla singola terza parte.<\/p>\n<p>In sintesi vengono scaricati\u00a0i seguenti cookie di terze parti:<\/p>\n<ul><li>ReCAPTCHA: assimilati ai cookie tecnici poich\u00e9 si utilizza il dominio www.recaptcha.net al posto di www.google.com (<a href=\"https:\/\/developers.google.com\/recaptcha\/docs\/faq\">info<\/a>).<\/li><li><a href=\"https:\/\/support.google.com\/analytics\/answer\/6004245\" target=\"_blank\">Google Analytics<\/a>: assimilati ai cookie tecnici poich\u00e9 viene utilizzata la mascheratura dell'indirizzo IP per raccogliere informazioni, in forma aggregata, sul numero degli utenti e su come questi visitano il sito stesso. \u00c8 possibile scaricare un componente aggiuntivo del browser per disattivare Google Analytics (<a href=\"https:\/\/tools.google.com\/dlpage\/gaoptout?hl=it\">maggiori informazioni<\/a>).<\/li><li><a href=\"https:\/\/policies.google.com\/privacy\">Google Maps<\/a>: sono cookie utilizzati per memorizzare le preferenze utente durante la visualizzazione delle mappe e per tenere traccia del comportamento del visitatore.<\/li><\/ul>\n<h3>Richiesta di contatti<\/h3>\n<p>Se ci contatti attraverso uno dei moduli disponibili sul sito ti chiediamo nome, cognome e indirizzo email. Queste informazioni ci servono per poterti eventualmente rispondere e non sono rese pubbliche. Non condividere documenti personali o informazioni sensibili con noi, n\u00e9 riguardanti te stesso n\u00e9 altri. Per contenere lo spam, facciamo uso del servizio reCAPTCHA di Google, a cui vengono passati alcuni dati tra cui l&#8217;indirizzo IP che stai usando. Ecco l&#8217;<a href=\"https:\/\/policies.google.com\/?hl=it\" target=\"_blank\" rel=\"noopener noreferrer\">informativa sulla privacy di reCAPTCHA<\/a>.<\/p>\n<h2>Conservazione dei dati personali<\/h2>\n<p>I tuoi dati sono conservati su un Virtual Private Server di Serverplan ospitato in una server farm in Italia. Ecco l&#8217;<a href=\"https:\/\/www.serverplan.com\/about-us\/privacy\" target=\"_blank\" rel=\"noopener noreferrer\">informativa sulla privacy di Serverplan<\/a>. Per ragioni di sicurezza conserviamo alcune copie di backup sugli Amazon S3. Ecco l&#8217;<a href=\"https:\/\/aws.amazon.com\/it\/privacy\/\" target=\"_blank\" rel=\"noopener noreferrer\">informativa sulla privacy di Amazon AWS<\/a>.<\/p>\n<h2>Condivisione dei dati personali<\/h2>\n<p>Condividiamo i tuoi dati personali con altre aziende solo e esclusivamente quando strettamente indispensabile per poterti fornire un servizio secondo quanto descritto nei precedenti paragrafi. Ecco i servizi di cui facciamo uso con le relative informative sulla privacy:<\/p>\n<h3>Antispam<\/h3>\n<ul>\n<li><strong>ReCAPTCHA<\/strong> (<a href=\"https:\/\/policies.google.com\/?hl=it\" target=\"_blank\" rel=\"noopener noreferrer\">informativa<\/a>), per ridurre lo spam che riceviamo.<\/li>\n<\/ul>\n<h3>Statistiche<\/h3>\n<ul>\n<li><strong>Google Analytics<\/strong> (<a href=\"https:\/\/www.google.com\/intl\/it_it\/analytics\/learn\/privacy.html\" target=\"_blank\" rel=\"noopener noreferrer\">informativa<\/a>), per avere statistiche sulle visite.<\/li>\n<\/ul>\n<h3>Sicurezza<\/h3>\n<ul>\n<li><strong>Sucuri<\/strong> (<a href=\"https:\/\/sucuri.net\/privacy\" target=\"_blank\" rel=\"noopener noreferrer\">informativa<\/a>), per il monitoraggio di problemi di sicurezza.<\/li>\n<\/ul>\n<h3>Oggetti incorporati<\/h3>\n<ul>\n<li><strong>Google Maps<\/strong> (<a href=\"https:\/\/policies.google.com\/privacy\" target=\"_blank\" rel=\"noopener noreferrer\">informativa<\/a>), per la visualizzazione di mappe direttamente nelle pagine.<\/li>\n<\/ul>\n<h2>Cambiamenti alla tutela della privacy<\/h2>\n<p>Ci riserviamo il diritto di aggiornare saltuariamente la presente informativa sulla privacy in relazione ai miglioramenti apportati alle nostre offerte e all&#8217;evoluzione tecnologica e normativa. Questa informativa \u00e8 stata modificata l&#8217;ultima volta il 15 luglio 2024.<\/p>\n","protected":false},"excerpt":{"rendered":"<p>F.I.R.A.D. S.p.A., in linea con il D.lgs. 196\/2003 (di seguito \u201cCodice Privacy\u201d) e il Regolamento (UE) 2016\/679 (di seguito \u201cGDPR\u201d),&#8230;<\/p>\n","protected":false},"author":3,"featured_media":0,"parent":0,"menu_order":0,"comment_status":"closed","ping_status":"open","template":"","meta":{"footnotes":""},"class_list":["post-1553","page","type-page","status-publish","hentry"],"_links":{"self":[{"href":"https:\/\/www.firad.com\/it\/wp-json\/wp\/v2\/pages\/1553","targetHints":{"allow":["GET"]}}],"collection":[{"href":"https:\/\/www.firad.com\/it\/wp-json\/wp\/v2\/pages"}],"about":[{"href":"https:\/\/www.firad.com\/it\/wp-json\/wp\/v2\/types\/page"}],"author":[{"embeddable":true,"href":"https:\/\/www.firad.com\/it\/wp-json\/wp\/v2\/users\/3"}],"replies":[{"embeddable":true,"href":"https:\/\/www.firad.com\/it\/wp-json\/wp\/v2\/comments?post=1553"}],"version-history":[{"count":4,"href":"https:\/\/www.firad.com\/it\/wp-json\/wp\/v2\/pages\/1553\/revisions"}],"predecessor-version":[{"id":6355,"href":"https:\/\/www.firad.com\/it\/wp-json\/wp\/v2\/pages\/1553\/revisions\/6355"}],"wp:attachment":[{"href":"https:\/\/www.firad.com\/it\/wp-json\/wp\/v2\/media?parent=1553"}],"curies":[{"name":"wp","href":"https:\/\/api.w.org\/{rel}","templated":true}]}}