{"id":1511,"date":"2023-02-14T17:40:04","date_gmt":"2023-02-14T16:40:04","guid":{"rendered":"https:\/\/www.firad.com\/informativa-privacy-fornitori\/"},"modified":"2023-02-16T09:41:06","modified_gmt":"2023-02-16T08:41:06","slug":"informativa-privacy-fornitori","status":"publish","type":"page","link":"https:\/\/www.firad.com\/it\/informativa-privacy-fornitori\/","title":{"rendered":"Informativa Privacy fornitori"},"content":{"rendered":"<p>Ai sensi dell\u2019art. 13 del Regolamento UE n. 2016\/679 (di seguito \u201cGDPR 2016\/679\u201d) F.I.R.A.D. S.p.a. p.iva 00181340043 con sede in Via Barge n. 93 \u2013 Bagnolo Piemonte (Cn) in qualit\u00e0 di titolare del trattamento (di seguito indicato come \u201cTitolare\u201d) desidera informarLa circa le finalit\u00e0 e le modalit\u00e0 di trattamento dei dati personali che La riguardano.<\/p>\n<p><strong>1.Fonte, oggetto e finalit\u00e0 del trattamento.<\/strong><\/p>\n<p>Il titolare tratta i Suoi dati comuni, identificativi e di contatto (ad es. nome e cognome, numero telefonico, indirizzo mail, domicilio, codice fiscale, riferimenti bancari etc) da Lei direttamente comunicati, per finalit\u00e0 connesse all\u2019adempimento di obblighi contrattuali o di legge, relativi al rapporto di fornitura di beni e di servizi di cui Lei \u00e8 parte.<\/p>\n<p><strong>2.Base giuridica.<\/strong><\/p>\n<p>La base giuridica del trattamento \u00e8 rappresentata dal contratto (ex art. 6 par. 1 lett. b del Reg. Eu 679\/2016), dagli obblighi legali che il Titolare \u00e8 tenuto ad osservare (art. 6 par. 1 lett. c).<\/p>\n<p><strong>3.Modalit\u00e0 di Trattamento.<\/strong><\/p>\n<p>Il trattamento dei Suoi dati personali viene effettuato nel rispetto dei principi di liceit\u00e0, correttezza trasparenza, adeguatezza e pertinenza, sia con strumenti cartacei che elettronici od automatizzati e comprende il complesso delle operazioni indicate nell\u2019art. 4 n. 2 GDPR e precisamente: raccolta, registrazione, organizzazione, conservazione, consultazione, elaborazione, modificazione, selezione, estrazione, raffronto, utilizzo, interconnessione, blocco, comunicazione, cancellazione e distruzione dei dati. I dati non saranno oggetto di profilazione n\u00e9 sottoposti a processi decisionali automatizzati.<\/p>\n<p><strong>4.Natura del conferimento dei dati e conseguenze del rifiuto di rispondere<\/strong><\/p>\n<p>Il conferimento dei dati per le finalit\u00e0 di cui all\u2019art. 1 \u00e8 necessario in quanto connesso \u00a0alla gestione contrattuale del rapporto di fornitura di beni e\/o servizi.<\/p>\n<p><strong>5.Accesso ai dati.<\/strong><\/p>\n<p>I Suoi dati potranno essere resi accessibili per le finalit\u00e0 di cui all\u2019art. 1 a):<\/p>\n<ul>\n<li>a dipendenti e collaboratori del Titolare nella loro qualit\u00e0 di Incaricati e\/o Soggetti designati del trattamento e\/o Amministratori di sistema;<\/li>\n<li>a Societ\u00e0 e\/o Studi professionali o consulenti con cui il Titolare ha rapporti contrattuali, di collaborazione (es. per attivit\u00e0 di supporto o di gestione dei servizi richiesti) che svolgono attivit\u00e0 di outsourcing per conto del Titolare, nella loro qualit\u00e0 di Responsabili esterni del trattamento (ad es. commercialisti, consulenti informatici etc.)<\/li>\n<\/ul>\n<p><strong>6.Ambito di Comunicazione dei dati.<\/strong><\/p>\n<p>Senza il Suo espresso consenso ex art. 6 lett. b) e c) GDPR), il Titolare potr\u00e0 comunicare i Suoi dati per le finalit\u00e0 di cui all\u2019art. 1 ad enti pubblici\u00a0 (ad es. \u00a0Organismi di Vigilanza, Agenzia delle Entrate etc.) nonch\u00e9 a tutti gli altri soggetti verso i quali la comunicazione sia obbligatoria per legge, per l\u2019espletamento delle finalit\u00e0 dette. I Suoi dati personali non saranno oggetto di diffusione.<\/p>\n<p><strong>7.Periodo di conservazione.<\/strong><\/p>\n<p>I dati saranno utilizzati dal titolare del trattamento fino alla cessazione del rapporto. Dopo tale data saranno conservati, nel rispetto dei principi di proporzionalit\u00e0 e minimizzazione, esclusivamente per finalit\u00e0 connesse ad obblighi legali, contabili o fiscali o per esigenze di tutela del Titolare (ad es. gestione di eventuali contenziosi).<\/p>\n<p><strong>8.Trasferimento dati.<\/strong><\/p>\n<p>Il Titolare del trattamento non trasferisce i Suoi dati personali all\u2019Estero. La gestione e la conservazione dei dati personali avviene su server ubicati all\u2019interno dell\u2019Unione Europea del Titolare e\/o di societ\u00e0 terze incaricate e debitamente nominate quali Responsabili del trattamento. Ove si rendesse necessario, il Titolare, avr\u00e0 comunque facolt\u00e0 di spostare l\u2019ubicazione dei server. In tal caso, il Titolare assicura che, qualora i dati vengano trasferiti in paesi extra Ue, il trasferimento avverr\u00e0 in conformit\u00e0 alle disposizioni di legge applicabili stipulando, se necessario, accordi che garantiscano un livello di protezione adeguato e\/o adottando le clausole contrattuali standard previste dalla Commissione Europea.<\/p>\n<p><strong>9.Diritti dell\u2019interessato.<\/strong><\/p>\n<p>In qualit\u00e0, di interessato al trattamento dei dati personali potr\u00e0 esercitare in qualunque momento, i diritti espressamente riconosciuti dagli artt. da 15 a 22 del Regolamento europeo, in particolare il diritto di accesso ai dati personali, il diritto di rettifica, il diritto di cancellazione, il diritto di limitazione e di opposizione, il diritto alla portabilit\u00e0, il diritto a non essere sottoposto a decisioni automatizzate ivi compresa la profilazione, il diritto a revocare il consenso al trattamento senza pregiudicare la liceit\u00e0 del trattamento effettuato prima della revoca, il diritto a proporre reclamo all\u2019Autorit\u00e0 garante, qualora ritenga che il trattamento avvenga in violazione del Reg. Eu 679\/2016 o della normativa nazionale in materia di trattamento dei dati personali.<\/p>\n<p><strong>10.Modalit\u00e0 di esercizio dei diritti.<\/strong><\/p>\n<p>Potr\u00e0 in qualsiasi momento esercitare i Suoi diritti inviando una comunicazione AR a F.I.R.A.D. S.p.a. in Via Barge n. 93 \u2013 Bagnolo Piemonte (Cn) oppure una mail a info@firad.it.<\/p>\n<p><strong>11.Titolare, Responsabile ed Incaricati<\/strong>.<\/p>\n<p>Il Titolare del trattamento \u00e8 F.I.R.A.D. S.p.a. in Via Barge n. 93 \u2013 Bagnolo Piemonte (Cn) p.iva 05099540014 \u00a0con sede legale in Via Roma, 87\/2\u00a0 \u2013 10060 Roletto (To) tel 021\/542987-0121\/542293.<\/p>\n<p>L\u2019elenco aggiornato dei Responsabili e degli Incaricati al trattamento \u00e8 disponibile presso la Sede legale del Titolare del trattamento.<\/p>\n","protected":false},"excerpt":{"rendered":"<p>Ai sensi dell\u2019art. 13 del Regolamento UE n. 2016\/679 (di seguito \u201cGDPR 2016\/679\u201d) F.I.R.A.D. S.p.a. p.iva 00181340043 con sede in&#8230;<\/p>\n","protected":false},"author":3,"featured_media":0,"parent":0,"menu_order":0,"comment_status":"closed","ping_status":"closed","template":"page-without-sidebar.php","meta":{"footnotes":""},"class_list":["post-1511","page","type-page","status-publish","hentry"],"_links":{"self":[{"href":"https:\/\/www.firad.com\/it\/wp-json\/wp\/v2\/pages\/1511","targetHints":{"allow":["GET"]}}],"collection":[{"href":"https:\/\/www.firad.com\/it\/wp-json\/wp\/v2\/pages"}],"about":[{"href":"https:\/\/www.firad.com\/it\/wp-json\/wp\/v2\/types\/page"}],"author":[{"embeddable":true,"href":"https:\/\/www.firad.com\/it\/wp-json\/wp\/v2\/users\/3"}],"replies":[{"embeddable":true,"href":"https:\/\/www.firad.com\/it\/wp-json\/wp\/v2\/comments?post=1511"}],"version-history":[{"count":1,"href":"https:\/\/www.firad.com\/it\/wp-json\/wp\/v2\/pages\/1511\/revisions"}],"predecessor-version":[{"id":1563,"href":"https:\/\/www.firad.com\/it\/wp-json\/wp\/v2\/pages\/1511\/revisions\/1563"}],"wp:attachment":[{"href":"https:\/\/www.firad.com\/it\/wp-json\/wp\/v2\/media?parent=1511"}],"curies":[{"name":"wp","href":"https:\/\/api.w.org\/{rel}","templated":true}]}}