{"id":147,"date":"2023-02-13T15:52:43","date_gmt":"2023-02-13T14:52:43","guid":{"rendered":"https:\/\/www.firad.com\/qualita-e-tecnologia\/"},"modified":"2024-09-27T13:10:33","modified_gmt":"2024-09-27T11:10:33","slug":"qualita-e-tecnologia","status":"publish","type":"page","link":"https:\/\/www.firad.com\/it\/qualita-e-tecnologia\/","title":{"rendered":"Qualit\u00e0 e tecnologia"},"content":{"rendered":"<div class=\"wpb_text_column wpb_content_element \">\n<div class=\"wpb_wrapper\">\n<p>L\u2019innovazione tecnologica \u00e8 sempre stata e sempre sar\u00e0 il motore trainante dell\u2019evoluzione della societ\u00e0. Dall\u2019invenzione della ruota, passando per il motore a vapore, e poi per l\u2019energia elettrica fino ad arrivare alle pi\u00f9 recenti scoperte nel campo della fisica quantistica, tutto questo \u00e8 stato possibile solo grazie allo sviluppo tecnologico.<\/p>\n<p>La <strong>FIRAD SpA<\/strong>, fin dalla sua nascita ha sempre creduto che l\u2019innovazione tecnologica dovesse essere la \u201cspina dorsale\u201d su cui far crescere l\u2019azienda. Per questo, nel corso degli anni, l\u2019azienda ha intrapreso una politica di investimenti e di modernizzazione continua che le ha permesso di avvalersi sempre delle pi\u00f9 recenti tecnologie sul mercato. Questo sviluppo tecnologico si concretizza in una solida partnership tra <strong>FIRAD SpA<\/strong> ed i principali produttori tecnologi del settore automotive quali Fritz Studer AG, Posalux SA, UVA LIDK\u00d6PING AB, TORNOS SA, Sonplas Gmbh, Sunnen Products Ltd.<\/p>\n<p>I moderni sistemi di iniezione Diesel sono sempre pi\u00f9 complessi e precisi, di conseguenza i processi produttivi richiedono standard qualitativi sempre pi\u00f9 elevati. Questo si traduce anche in tolleranze produttive sempre pi\u00f9 strette, richiedendo un adattamento non solo della produzione ma anche del controllo. Per questo motivo il nostro laboratorio metrologico \u00e8 dotato delle pi\u00f9 recenti tecnologie nel campo della misura, grazie alla collaborazione con societ\u00e0 quali Mitutoyo Corp., Nikon Corp., Carl Zeiss AG, AMETEK Inc.<\/p>\n<p>Ogni fase del ciclo produttivo prevede un accurato controllo qualit\u00e0, che ci permette di verificare il rispetto degli elevati standard qualitativi. Importanza fondamentale di questi controlli si ha sul trattamento termico, dove ogni carica viene analizzata per verificare:<\/p>\n<ul>\n<li>il corretto grado di microdurezza ottenuto<\/li>\n<li>la corretta struttura microcristallina ottenuta<\/li>\n<\/ul>\n<p>Inoltre ogni polverizzatore viene sottoposto ad un test funzionale che ha lo scopo di verificare quattro caratteristiche fondamentali:<\/p>\n<ul>\n<li>corretto grado di polverizzazione<\/li>\n<li>tenuta pressione<\/li>\n<li>controllo del gocciolamento<\/li>\n<li>controllo flusso combustibile<\/li>\n<\/ul>\n<p>L\u2019attenzione verso tutti questi dettagli ha permesso alla <strong>FIRAD SpA<\/strong> di certificarsi secondo gli standard qualitativi ed ambientali internazionali ISO 9001 e ISO 14001 fin dal 2003. Questa fiducia \u00e8 stata sempre riconfermata dal SQS \u201cAssociazione Svizzera per Sistemi di Qualit\u00e0 e di Management\u201d, uno dei pi\u00f9 importanti enti certificatori a livello europeo.<\/p>\n<p>Inoltre, dal 2019, l\u2019azienda \u00e8 certificata secondo la norma IATF 16949:2016, il pi\u00f9 diffuso standard internazionale per i sistemi di gestione qualit\u00e0 nel settore automobilistico.<\/p>\n<\/div>\n<\/div>\n","protected":false},"excerpt":{"rendered":"<p>L\u2019innovazione tecnologica \u00e8 sempre stata e sempre sar\u00e0 il motore trainante dell\u2019evoluzione della societ\u00e0. Dall\u2019invenzione della ruota, passando per il&#8230;<\/p>\n","protected":false},"author":3,"featured_media":1673,"parent":0,"menu_order":0,"comment_status":"closed","ping_status":"closed","template":"","meta":{"footnotes":""},"class_list":["post-147","page","type-page","status-publish","has-post-thumbnail","hentry"],"_links":{"self":[{"href":"https:\/\/www.firad.com\/it\/wp-json\/wp\/v2\/pages\/147","targetHints":{"allow":["GET"]}}],"collection":[{"href":"https:\/\/www.firad.com\/it\/wp-json\/wp\/v2\/pages"}],"about":[{"href":"https:\/\/www.firad.com\/it\/wp-json\/wp\/v2\/types\/page"}],"author":[{"embeddable":true,"href":"https:\/\/www.firad.com\/it\/wp-json\/wp\/v2\/users\/3"}],"replies":[{"embeddable":true,"href":"https:\/\/www.firad.com\/it\/wp-json\/wp\/v2\/comments?post=147"}],"version-history":[{"count":2,"href":"https:\/\/www.firad.com\/it\/wp-json\/wp\/v2\/pages\/147\/revisions"}],"predecessor-version":[{"id":1625,"href":"https:\/\/www.firad.com\/it\/wp-json\/wp\/v2\/pages\/147\/revisions\/1625"}],"wp:featuredmedia":[{"embeddable":true,"href":"https:\/\/www.firad.com\/it\/wp-json\/wp\/v2\/media\/1673"}],"wp:attachment":[{"href":"https:\/\/www.firad.com\/it\/wp-json\/wp\/v2\/media?parent=147"}],"curies":[{"name":"wp","href":"https:\/\/api.w.org\/{rel}","templated":true}]}}