{"id":139,"date":"2023-02-13T15:49:48","date_gmt":"2023-02-13T14:49:48","guid":{"rendered":"https:\/\/www.firad.com\/7-buoni-motivi-per-scegliere-firad\/"},"modified":"2023-03-24T12:08:47","modified_gmt":"2023-03-24T11:08:47","slug":"7-buoni-motivi-per-scegliere-firad","status":"publish","type":"page","link":"https:\/\/www.firad.com\/it\/7-buoni-motivi-per-scegliere-firad\/","title":{"rendered":"7 buoni motivi per scegliere FIRAD"},"content":{"rendered":"<h3>1. Qualit\u00e0 certificata ISO 9001:2015<\/h3>\n<p>Come tutti sanno, oggigiorno la qualit\u00e0, soprattutto nell\u2019ambito automobilistico, \u00e8 un elemento molto importante. La nostra azienda si \u00e8 impegnata al massimo per ottenere la certificazione ISO 9001 &#038; 14001.<\/p>\n<h3>2. Prodotto made in Italy<\/h3>\n<p>Tutto ci\u00f2 che compone il polverizzatore finito \u00e8 opera della nostra azienda. Ogni singola lavorazione viene effettuata all\u2019interno e ci\u00f2 comporta avere un prodotto interamente MADE IN ITALY.<\/p>\n<p><img loading=\"lazy\" decoding=\"async\" class=\"alignnone size-full wp-image-1574\" src=\"https:\/\/www.firad.com\/wp-content\/uploads\/2023\/02\/7-good-reasons-to-choose-firad-1.png\" alt=\"7 good reasons to choose firad\" width=\"184\" height=\"185\" \/><\/p>\n<h3>3- Trattamento termico e analisi micro-durezza<\/h3>\n<p>Ogni particolare da noi prodotto \u00e8 soggetto ad un trattamento termico che\u00a0 viene eseguito internamente all\u2019 azienda. Gli addetti al controllo qualit\u00e0 ogni mattina si apprestano a controllare ogni carica eseguita, usando strumenti di ultima generazione come il \u201cQNESS\u201d durometro automatizzato.<\/p>\n<p><img loading=\"lazy\" decoding=\"async\" class=\"alignnone size-medium wp-image-1576\" src=\"https:\/\/www.firad.com\/wp-content\/uploads\/2023\/02\/7-good-reasons-to-choose-firad-1-231x300.jpg\" alt=\"7 good reasons to choose firad\" width=\"231\" height=\"300\" srcset=\"https:\/\/www.firad.com\/wp-content\/uploads\/2023\/02\/7-good-reasons-to-choose-firad-1-231x300.jpg 231w, https:\/\/www.firad.com\/wp-content\/uploads\/2023\/02\/7-good-reasons-to-choose-firad-1.jpg 372w\" sizes=\"auto, (max-width: 231px) 100vw, 231px\" \/><\/p>\n<p><img loading=\"lazy\" decoding=\"async\" class=\"alignnone size-full wp-image-1578\" src=\"https:\/\/www.firad.com\/wp-content\/uploads\/2023\/02\/7-good-reasons-to-choose-firad-2.png\" alt=\"7 good reasons to choose firad\" width=\"280\" height=\"190\" \/><\/p>\n<h3>4. Materie prime certificate<\/h3>\n<p>La materia prima \u00e8 l\u2019anima del prodotto, per questo motivo noi scegliamo solo materie prime certificate e collaudate. All\u2019arrivo del materiale, vengono effettuati controlli dedicati di accettazione, evitando cos\u00ec errori che comporterebbero danni alla produzione dell\u2019articolo.<\/p>\n<p>&nbsp;<\/p>\n<h3>5. Controllo funzionamento<\/h3>\n<p>Come gi\u00e0 sottolineato, la qualit\u00e0 \u00e8 la nostra priorit\u00e0 quotidiana, per questo motivo controlliamo al 100% ogni particolare. Un\u2019area semi-automatica controlla sia la \u201ctenuta\u201d che il funzionamento del polverizzatore, garantendo cos\u00ec all\u2019utilizzatore finale la totale operativit\u00e0 del prodotto finito. Disponiamo inoltre di banchi di prova di ultima generazione come il \u201cCARBON ZAPP\u201d o \u201cHARTRIDGE\u201d.<\/p>\n<p><img loading=\"lazy\" decoding=\"async\" class=\"alignnone size-medium wp-image-1580\" src=\"https:\/\/www.firad.com\/wp-content\/uploads\/2023\/02\/7-good-reasons-to-choose-firad-2-375x300.jpg\" alt=\"7 good reasons to choose firad\" width=\"375\" height=\"300\" srcset=\"https:\/\/www.firad.com\/wp-content\/uploads\/2023\/02\/7-good-reasons-to-choose-firad-2-375x300.jpg 375w, https:\/\/www.firad.com\/wp-content\/uploads\/2023\/02\/7-good-reasons-to-choose-firad-2.jpg 474w\" sizes=\"auto, (max-width: 375px) 100vw, 375px\" \/><\/p>\n<h3>6. Mezzo secolo di esperienza<\/h3>\n<p>L\u2019esperienza nel settore ci ha portato ad una continua crescita negli anni, arrivando ad ottenere una linea produttiva con macchinari altamente automatizzati e dedicati. Questo \u00e8 stato possibile grazie al percorso di ormai 50 anni di un\u2019azienda che ha visto molti cambiamenti nel verso positivo.<\/p>\n<p>&nbsp;<\/p>\n<h3>7. Vecchie e nuove generazioni<\/h3>\n<p>L\u2019esperienza di 50 anni nel settore fa s\u00ec che siamo in grado di produrre sia polverizzatori di vecchia che di nuova generazione. Infatti il catalogo prodotti varia dalla tipologia del vecchio \u201cDN\u201d fino ad arrivare ai polverizzatori pi\u00f9 attuali come il \u201cPIEZOELETTRICO\u201d.<\/p>\n<p>&nbsp;<\/p>\n<h3>CONCLUSIONI<\/h3>\n<p>Questi pilastri tecnico-operativi sono validi motivi per collaborare con la nostra azienda che\u00a0 si impegna costantemente al loro rafforzamento.<\/p>\n<p>L\u2019obiettivo, infatti, \u00e8 quello di perseguire ed ottenere un quotidiano miglioramento per offrire il massimo alla nostra clientela internazionale.<\/p>\n","protected":false},"excerpt":{"rendered":"<p>1. Qualit\u00e0 certificata ISO 9001:2015 Come tutti sanno, oggigiorno la qualit\u00e0, soprattutto nell\u2019ambito automobilistico, \u00e8 un elemento molto importante. La&#8230;<\/p>\n","protected":false},"author":3,"featured_media":1681,"parent":0,"menu_order":0,"comment_status":"closed","ping_status":"closed","template":"page-without-sidebar.php","meta":{"footnotes":""},"class_list":["post-139","page","type-page","status-publish","has-post-thumbnail","hentry"],"_links":{"self":[{"href":"https:\/\/www.firad.com\/it\/wp-json\/wp\/v2\/pages\/139","targetHints":{"allow":["GET"]}}],"collection":[{"href":"https:\/\/www.firad.com\/it\/wp-json\/wp\/v2\/pages"}],"about":[{"href":"https:\/\/www.firad.com\/it\/wp-json\/wp\/v2\/types\/page"}],"author":[{"embeddable":true,"href":"https:\/\/www.firad.com\/it\/wp-json\/wp\/v2\/users\/3"}],"replies":[{"embeddable":true,"href":"https:\/\/www.firad.com\/it\/wp-json\/wp\/v2\/comments?post=139"}],"version-history":[{"count":6,"href":"https:\/\/www.firad.com\/it\/wp-json\/wp\/v2\/pages\/139\/revisions"}],"predecessor-version":[{"id":1763,"href":"https:\/\/www.firad.com\/it\/wp-json\/wp\/v2\/pages\/139\/revisions\/1763"}],"wp:featuredmedia":[{"embeddable":true,"href":"https:\/\/www.firad.com\/it\/wp-json\/wp\/v2\/media\/1681"}],"wp:attachment":[{"href":"https:\/\/www.firad.com\/it\/wp-json\/wp\/v2\/media?parent=139"}],"curies":[{"name":"wp","href":"https:\/\/api.w.org\/{rel}","templated":true}]}}