{"id":4094,"date":"2023-03-15T09:57:46","date_gmt":"2023-03-15T08:57:46","guid":{"rendered":"https:\/\/www.firad.com\/salle-de-test\/"},"modified":"2023-03-15T09:57:46","modified_gmt":"2023-03-15T08:57:46","slug":"salle-de-test","status":"publish","type":"page","link":"https:\/\/www.firad.com\/fr\/salle-de-test\/","title":{"rendered":"Salle de test"},"content":{"rendered":"<p>Un pas en avant dans la technologie n&rsquo;est pas seulement un slogan mais notre philosophie. Nous croyons que pour \u00eatre en mesure de r\u00e9pondre \u00e0 la meilleure qualit\u00e9 de nos produits, nous devons acqu\u00e9rir la meilleure technologie. Depuis de nombreuses ann\u00e9es, FIRAD a toujours investi dans les meilleurs \u00e9quipements d&rsquo;essais diesel utilis\u00e9s par nos clients, nous disposons de bancs d&rsquo;essais de :<\/p>\n<ul>\n<li>Bosch<\/li>\n<li>Hartrdige<\/li>\n<li>Carbonzapp<\/li>\n<\/ul>\n<p>Actuellement dans notre salle de test nous avons :<\/p>\n","protected":false},"excerpt":{"rendered":"<p>Un pas en avant dans la technologie n&rsquo;est pas seulement un slogan mais notre philosophie. Nous croyons que pour \u00eatre&#8230;<\/p>\n","protected":false},"author":3,"featured_media":4100,"parent":0,"menu_order":0,"comment_status":"closed","ping_status":"closed","template":"","meta":{"footnotes":""},"class_list":["post-4094","page","type-page","status-publish","has-post-thumbnail","hentry"],"_links":{"self":[{"href":"https:\/\/www.firad.com\/fr\/wp-json\/wp\/v2\/pages\/4094","targetHints":{"allow":["GET"]}}],"collection":[{"href":"https:\/\/www.firad.com\/fr\/wp-json\/wp\/v2\/pages"}],"about":[{"href":"https:\/\/www.firad.com\/fr\/wp-json\/wp\/v2\/types\/page"}],"author":[{"embeddable":true,"href":"https:\/\/www.firad.com\/fr\/wp-json\/wp\/v2\/users\/3"}],"replies":[{"embeddable":true,"href":"https:\/\/www.firad.com\/fr\/wp-json\/wp\/v2\/comments?post=4094"}],"version-history":[{"count":0,"href":"https:\/\/www.firad.com\/fr\/wp-json\/wp\/v2\/pages\/4094\/revisions"}],"wp:featuredmedia":[{"embeddable":true,"href":"https:\/\/www.firad.com\/fr\/wp-json\/wp\/v2\/media\/4100"}],"wp:attachment":[{"href":"https:\/\/www.firad.com\/fr\/wp-json\/wp\/v2\/media?parent=4094"}],"curies":[{"name":"wp","href":"https:\/\/api.w.org\/{rel}","templated":true}]}}