{"id":2719,"date":"2023-03-15T09:57:46","date_gmt":"2023-03-15T08:57:46","guid":{"rendered":"https:\/\/www.firad.com\/sala-de-pruebas\/"},"modified":"2023-03-15T09:57:46","modified_gmt":"2023-03-15T08:57:46","slug":"sala-de-pruebas","status":"publish","type":"page","link":"https:\/\/www.firad.com\/es\/sala-de-pruebas\/","title":{"rendered":"Sala de pruebas"},"content":{"rendered":"<p>Un paso adelante en tecnolog\u00eda no es solo un eslogan sino nuestra filosof\u00eda. Creemos que para poder cumplir con la mejor calidad de nuestros productos, necesitamos adquirir la mejor tecnolog\u00eda. De muchos a\u00f1os FIRAD siempre invirti\u00f3 en los mejores equipos de prueba diesel utilizados por nuestros clientes, contamos con bancos de prueba de:<\/p>\n<ul>\n<li>Bosch<\/li>\n<li>Hartrdige<\/li>\n<li>Carbonzapp<\/li>\n<\/ul>\n<p>Actualmente en nuestra sala de pruebas tenemos:<\/p>\n","protected":false},"excerpt":{"rendered":"<p>Un paso adelante en tecnolog\u00eda no es solo un eslogan sino nuestra filosof\u00eda. Creemos que para poder cumplir con la&#8230;<\/p>\n","protected":false},"author":3,"featured_media":2725,"parent":0,"menu_order":0,"comment_status":"closed","ping_status":"closed","template":"","meta":{"footnotes":""},"class_list":["post-2719","page","type-page","status-publish","has-post-thumbnail","hentry"],"_links":{"self":[{"href":"https:\/\/www.firad.com\/es\/wp-json\/wp\/v2\/pages\/2719","targetHints":{"allow":["GET"]}}],"collection":[{"href":"https:\/\/www.firad.com\/es\/wp-json\/wp\/v2\/pages"}],"about":[{"href":"https:\/\/www.firad.com\/es\/wp-json\/wp\/v2\/types\/page"}],"author":[{"embeddable":true,"href":"https:\/\/www.firad.com\/es\/wp-json\/wp\/v2\/users\/3"}],"replies":[{"embeddable":true,"href":"https:\/\/www.firad.com\/es\/wp-json\/wp\/v2\/comments?post=2719"}],"version-history":[{"count":0,"href":"https:\/\/www.firad.com\/es\/wp-json\/wp\/v2\/pages\/2719\/revisions"}],"wp:featuredmedia":[{"embeddable":true,"href":"https:\/\/www.firad.com\/es\/wp-json\/wp\/v2\/media\/2725"}],"wp:attachment":[{"href":"https:\/\/www.firad.com\/es\/wp-json\/wp\/v2\/media?parent=2719"}],"curies":[{"name":"wp","href":"https:\/\/api.w.org\/{rel}","templated":true}]}}