{"id":4196,"date":"2023-03-15T09:57:46","date_gmt":"2023-03-15T08:57:46","guid":{"rendered":"https:\/\/www.firad.com\/testraum\/"},"modified":"2023-03-15T09:57:46","modified_gmt":"2023-03-15T08:57:46","slug":"testraum","status":"publish","type":"page","link":"https:\/\/www.firad.com\/de\/testraum\/","title":{"rendered":"Testraum"},"content":{"rendered":"<p>Ein technologischer Fortschritt ist nicht nur ein Slogan, sondern unsere Philosophie. Wir glauben, dass wir die beste Technologie erwerben m\u00fcssen, um die beste Qualit\u00e4t unserer Produkte erreichen zu k\u00f6nnen. Seit vielen Jahren investiert FIRAD immer in die beste Dieselpr\u00fcfausr\u00fcstung, die von unseren Kunden verwendet wird, wir haben Pr\u00fcfst\u00e4nde von:<\/p>\n<ul>\n<li>Bosch<\/li>\n<li>Hartrdige<\/li>\n<li>Carbonzapp<\/li>\n<\/ul>\n<p>Derzeit haben wir in unserem Testraum:<\/p>\n","protected":false},"excerpt":{"rendered":"<p>Ein technologischer Fortschritt ist nicht nur ein Slogan, sondern unsere Philosophie. Wir glauben, dass wir die beste Technologie erwerben m\u00fcssen,&#8230;<\/p>\n","protected":false},"author":3,"featured_media":4202,"parent":0,"menu_order":0,"comment_status":"closed","ping_status":"closed","template":"","meta":{"footnotes":""},"class_list":["post-4196","page","type-page","status-publish","has-post-thumbnail","hentry"],"_links":{"self":[{"href":"https:\/\/www.firad.com\/de\/wp-json\/wp\/v2\/pages\/4196","targetHints":{"allow":["GET"]}}],"collection":[{"href":"https:\/\/www.firad.com\/de\/wp-json\/wp\/v2\/pages"}],"about":[{"href":"https:\/\/www.firad.com\/de\/wp-json\/wp\/v2\/types\/page"}],"author":[{"embeddable":true,"href":"https:\/\/www.firad.com\/de\/wp-json\/wp\/v2\/users\/3"}],"replies":[{"embeddable":true,"href":"https:\/\/www.firad.com\/de\/wp-json\/wp\/v2\/comments?post=4196"}],"version-history":[{"count":0,"href":"https:\/\/www.firad.com\/de\/wp-json\/wp\/v2\/pages\/4196\/revisions"}],"wp:featuredmedia":[{"embeddable":true,"href":"https:\/\/www.firad.com\/de\/wp-json\/wp\/v2\/media\/4202"}],"wp:attachment":[{"href":"https:\/\/www.firad.com\/de\/wp-json\/wp\/v2\/media?parent=4196"}],"curies":[{"name":"wp","href":"https:\/\/api.w.org\/{rel}","templated":true}]}}